{"id":403,"date":"2020-07-24T11:41:03","date_gmt":"2020-07-24T11:41:03","guid":{"rendered":"https:\/\/motivateu.test-314.eu\/juego-completado\/"},"modified":"2020-07-24T11:48:56","modified_gmt":"2020-07-24T11:48:56","slug":"juego-completado","status":"publish","type":"page","link":"https:\/\/motivateu.test-314.eu\/es\/juego-completado\/","title":{"rendered":"Juego completado"},"content":{"rendered":"<p>[vc_row][vc_column][dfd_spacer screen_wide_spacer_size=\u00bb60&#8243; screen_normal_resolution=\u00bb1024&#8243; screen_tablet_resolution=\u00bb800&#8243; screen_mobile_resolution=\u00bb480&#8243; screen_normal_spacer_size=\u00bb50&#8243; screen_tablet_spacer_size=\u00bb50&#8243; screen_mobile_spacer_size=\u00bb40&#8243;][dfd_single_image image=\u00bb185&#8243; tutorials=\u00bb\u00bb][dfd_spacer screen_wide_spacer_size=\u00bb60&#8243; screen_normal_resolution=\u00bb1024&#8243; screen_tablet_resolution=\u00bb800&#8243; screen_mobile_resolution=\u00bb480&#8243; screen_normal_spacer_size=\u00bb50&#8243; screen_tablet_spacer_size=\u00bb50&#8243; screen_mobile_spacer_size=\u00bb40&#8243;][vc_column_text]<\/p>\n<h3 style=\"text-align: center;\">\u00a1Gracias por completar el juego!<\/h3>\n<h3 style=\"text-align: center;\">\u00a1Buen trabajo!<\/h3>\n<p>&nbsp;<\/p>\n<p style=\"text-align: justify;\">Esta es una versi\u00f3n Beta (experimental) del juego, para hacer las pruebas antes de su lanzamiento definitivo, por eso no se puedes ver ning\u00fan resultado. Tus respuestas nos permitir\u00e1n crear la versi\u00f3n final del Juego. Gracias por tu ayuda. Una vez que la versi\u00f3n final est\u00e9 lista, podr\u00e1s ver los resultados y obtener feedback<\/p>\n<p>[\/vc_column_text][\/vc_column][\/vc_row][vc_row][vc_column][dfd_spacer screen_wide_spacer_size=\u00bb400&#8243; screen_normal_resolution=\u00bb1024&#8243; screen_tablet_resolution=\u00bb800&#8243; screen_mobile_resolution=\u00bb480&#8243; screen_normal_spacer_size=\u00bb350&#8243; screen_tablet_spacer_size=\u00bb350&#8243; screen_mobile_spacer_size=\u00bb200&#8243;][\/vc_column][\/vc_row]<\/p>\n","protected":false},"excerpt":{"rendered":"<p>[vc_row][vc_column][dfd_spacer screen_wide_spacer_size=\u00bb60&#8243; screen_normal_resolution=\u00bb1024&#8243; screen_tablet_resolution=\u00bb800&#8243; screen_mobile_resolution=\u00bb480&#8243; screen_normal_spacer_size=\u00bb50&#8243; screen_tablet_spacer_size=\u00bb50&#8243; screen_mobile_spacer_size=\u00bb40&#8243;][dfd_single_image image=\u00bb185&#8243; tutorials=\u00bb\u00bb][dfd_spacer screen_wide_spacer_size=\u00bb60&#8243; screen_normal_resolution=\u00bb1024&#8243; screen_tablet_resolution=\u00bb800&#8243; screen_mobile_resolution=\u00bb480&#8243; screen_normal_spacer_size=\u00bb50&#8243; screen_tablet_spacer_size=\u00bb50&#8243; screen_mobile_spacer_size=\u00bb40&#8243;][vc_column_text] \u00a1Gracias por completar el juego! \u00a1Buen trabajo! &nbsp; Esta es una versi\u00f3n Beta<\/p>\n","protected":false},"author":2,"featured_media":0,"parent":0,"menu_order":0,"comment_status":"closed","ping_status":"closed","template":"","meta":[],"_links":{"self":[{"href":"https:\/\/motivateu.test-314.eu\/es\/wp-json\/wp\/v2\/pages\/403"}],"collection":[{"href":"https:\/\/motivateu.test-314.eu\/es\/wp-json\/wp\/v2\/pages"}],"about":[{"href":"https:\/\/motivateu.test-314.eu\/es\/wp-json\/wp\/v2\/types\/page"}],"author":[{"embeddable":true,"href":"https:\/\/motivateu.test-314.eu\/es\/wp-json\/wp\/v2\/users\/2"}],"replies":[{"embeddable":true,"href":"https:\/\/motivateu.test-314.eu\/es\/wp-json\/wp\/v2\/comments?post=403"}],"version-history":[{"count":2,"href":"https:\/\/motivateu.test-314.eu\/es\/wp-json\/wp\/v2\/pages\/403\/revisions"}],"predecessor-version":[{"id":405,"href":"https:\/\/motivateu.test-314.eu\/es\/wp-json\/wp\/v2\/pages\/403\/revisions\/405"}],"wp:attachment":[{"href":"https:\/\/motivateu.test-314.eu\/es\/wp-json\/wp\/v2\/media?parent=403"}],"curies":[{"name":"wp","href":"https:\/\/api.w.org\/{rel}","templated":true}]}}