{"id":333,"date":"2020-07-23T20:59:13","date_gmt":"2020-07-23T20:59:13","guid":{"rendered":"https:\/\/motivateu.test-314.eu\/gra-zakonczona\/"},"modified":"2020-07-23T21:00:46","modified_gmt":"2020-07-23T21:00:46","slug":"gra-zakonczona","status":"publish","type":"page","link":"https:\/\/motivateu.test-314.eu\/pl\/gra-zakonczona\/","title":{"rendered":"Gra zako\u0144czona"},"content":{"rendered":"<p>[vc_row][vc_column][dfd_spacer screen_wide_spacer_size=&#8221;60&#8243; screen_normal_resolution=&#8221;1024&#8243; screen_tablet_resolution=&#8221;800&#8243; screen_mobile_resolution=&#8221;480&#8243; screen_normal_spacer_size=&#8221;50&#8243; screen_tablet_spacer_size=&#8221;50&#8243; screen_mobile_spacer_size=&#8221;40&#8243;][dfd_single_image image=&#8221;185&#8243; tutorials=&#8221;&#8221;][dfd_spacer screen_wide_spacer_size=&#8221;60&#8243; screen_normal_resolution=&#8221;1024&#8243; screen_tablet_resolution=&#8221;800&#8243; screen_mobile_resolution=&#8221;480&#8243; screen_normal_spacer_size=&#8221;50&#8243; screen_tablet_spacer_size=&#8221;50&#8243; screen_mobile_spacer_size=&#8221;40&#8243;][vc_column_text]<\/p>\n<h3 style=\"text-align: center;\">Dzi\u0119kujemy za uko\u0144czenie Gry!<\/h3>\n<h3 style=\"text-align: center;\">\u015awietnie Ci posz\u0142o!<\/h3>\n<p>&nbsp;<\/p>\n<p style=\"text-align: justify;\">Jest to pr\u00f3bna wersja Gry (Beta) &#8211; przygotowana do cel\u00f3w testowych, przed wprowadzeniem do u\u017cytku og\u00f3lnego &#8211; dlatego te\u017c Tw\u00f3j wynik nie zosta\u0142 wy\u015bwietlony. Twoje odpowiedzi pomog\u0105 nam stworzy\u0107 wersj\u0119 ostateczn\u0105 tej Gry. Dzi\u0119kujemy za pomoc. Wyniki otrzymasz po opracowaniu ostatecznej wersji Gry.<\/p>\n<p>[\/vc_column_text][\/vc_column][\/vc_row][vc_row][vc_column][dfd_spacer screen_wide_spacer_size=&#8221;400&#8243; screen_normal_resolution=&#8221;1024&#8243; screen_tablet_resolution=&#8221;800&#8243; screen_mobile_resolution=&#8221;480&#8243; screen_normal_spacer_size=&#8221;350&#8243; screen_tablet_spacer_size=&#8221;350&#8243; screen_mobile_spacer_size=&#8221;200&#8243;][\/vc_column][\/vc_row]<\/p>\n","protected":false},"excerpt":{"rendered":"<p>[vc_row][vc_column][dfd_spacer screen_wide_spacer_size=&#8221;60&#8243; screen_normal_resolution=&#8221;1024&#8243; screen_tablet_resolution=&#8221;800&#8243; screen_mobile_resolution=&#8221;480&#8243; screen_normal_spacer_size=&#8221;50&#8243; screen_tablet_spacer_size=&#8221;50&#8243; screen_mobile_spacer_size=&#8221;40&#8243;][dfd_single_image image=&#8221;185&#8243; tutorials=&#8221;&#8221;][dfd_spacer screen_wide_spacer_size=&#8221;60&#8243; screen_normal_resolution=&#8221;1024&#8243; screen_tablet_resolution=&#8221;800&#8243; screen_mobile_resolution=&#8221;480&#8243; screen_normal_spacer_size=&#8221;50&#8243; screen_tablet_spacer_size=&#8221;50&#8243; screen_mobile_spacer_size=&#8221;40&#8243;][vc_column_text] Dzi\u0119kujemy za uko\u0144czenie Gry! \u015awietnie Ci posz\u0142o! &nbsp; Jest to pr\u00f3bna wersja Gry<\/p>\n","protected":false},"author":2,"featured_media":0,"parent":0,"menu_order":0,"comment_status":"closed","ping_status":"closed","template":"","meta":[],"_links":{"self":[{"href":"https:\/\/motivateu.test-314.eu\/pl\/wp-json\/wp\/v2\/pages\/333"}],"collection":[{"href":"https:\/\/motivateu.test-314.eu\/pl\/wp-json\/wp\/v2\/pages"}],"about":[{"href":"https:\/\/motivateu.test-314.eu\/pl\/wp-json\/wp\/v2\/types\/page"}],"author":[{"embeddable":true,"href":"https:\/\/motivateu.test-314.eu\/pl\/wp-json\/wp\/v2\/users\/2"}],"replies":[{"embeddable":true,"href":"https:\/\/motivateu.test-314.eu\/pl\/wp-json\/wp\/v2\/comments?post=333"}],"version-history":[{"count":2,"href":"https:\/\/motivateu.test-314.eu\/pl\/wp-json\/wp\/v2\/pages\/333\/revisions"}],"predecessor-version":[{"id":335,"href":"https:\/\/motivateu.test-314.eu\/pl\/wp-json\/wp\/v2\/pages\/333\/revisions\/335"}],"wp:attachment":[{"href":"https:\/\/motivateu.test-314.eu\/pl\/wp-json\/wp\/v2\/media?parent=333"}],"curies":[{"name":"wp","href":"https:\/\/api.w.org\/{rel}","templated":true}]}}