{"id":849,"date":"2021-07-06T11:27:52","date_gmt":"2021-07-06T11:27:52","guid":{"rendered":"https:\/\/motivateu.test-314.eu\/report\/"},"modified":"2021-07-06T11:33:55","modified_gmt":"2021-07-06T11:33:55","slug":"report","status":"publish","type":"page","link":"https:\/\/motivateu.test-314.eu\/pl\/report\/","title":{"rendered":"Report"},"content":{"rendered":"<p>[vc_row][vc_column width=&#8221;1\/3&#8243;][\/vc_column][vc_column width=&#8221;1\/3&#8243;][vc_column_text]\n<div class=\"wpml-ls-statics-shortcode_actions wpml-ls wpml-ls-legacy-list-horizontal\">\n\t<ul><li class=\"wpml-ls-slot-shortcode_actions wpml-ls-item wpml-ls-item-en wpml-ls-first-item wpml-ls-item-legacy-list-horizontal\">\n\t\t\t\t<a href=\"https:\/\/motivateu.test-314.eu\/\" class=\"wpml-ls-link\">\n                                                        <img\n            class=\"wpml-ls-flag\"\n            src=\"https:\/\/motivateu.test-314.eu\/wp-content\/plugins\/sitepress-multilingual-cms\/res\/flags\/en.png\"\n            alt=\"angielski\"\n            width=18\n            height=12\n    \/><\/a>\n\t\t\t<\/li><li class=\"wpml-ls-slot-shortcode_actions wpml-ls-item wpml-ls-item-el wpml-ls-item-legacy-list-horizontal\">\n\t\t\t\t<a href=\"https:\/\/motivateu.test-314.eu\/el\/\" class=\"wpml-ls-link\">\n                                                        <img\n            class=\"wpml-ls-flag\"\n            src=\"https:\/\/motivateu.test-314.eu\/wp-content\/plugins\/sitepress-multilingual-cms\/res\/flags\/el.png\"\n            alt=\"grecki\"\n            width=18\n            height=12\n    \/><\/a>\n\t\t\t<\/li><li class=\"wpml-ls-slot-shortcode_actions wpml-ls-item wpml-ls-item-it wpml-ls-item-legacy-list-horizontal\">\n\t\t\t\t<a href=\"https:\/\/motivateu.test-314.eu\/it\/\" class=\"wpml-ls-link\">\n                                                        <img\n            class=\"wpml-ls-flag\"\n            src=\"https:\/\/motivateu.test-314.eu\/wp-content\/plugins\/sitepress-multilingual-cms\/res\/flags\/it.png\"\n            alt=\"w\u0142oski\"\n            width=18\n            height=12\n    \/><\/a>\n\t\t\t<\/li><li class=\"wpml-ls-slot-shortcode_actions wpml-ls-item wpml-ls-item-pl wpml-ls-current-language wpml-ls-item-legacy-list-horizontal\">\n\t\t\t\t<a href=\"https:\/\/motivateu.test-314.eu\/pl\/\" class=\"wpml-ls-link\">\n                                                        <img\n            class=\"wpml-ls-flag\"\n            src=\"https:\/\/motivateu.test-314.eu\/wp-content\/plugins\/sitepress-multilingual-cms\/res\/flags\/pl.png\"\n            alt=\"polski\"\n            width=18\n            height=12\n    \/><\/a>\n\t\t\t<\/li><li class=\"wpml-ls-slot-shortcode_actions wpml-ls-item wpml-ls-item-pt-pt wpml-ls-item-legacy-list-horizontal\">\n\t\t\t\t<a href=\"https:\/\/motivateu.test-314.eu\/pt-pt\/\" class=\"wpml-ls-link\">\n                                                        <img\n            class=\"wpml-ls-flag\"\n            src=\"https:\/\/motivateu.test-314.eu\/wp-content\/plugins\/sitepress-multilingual-cms\/res\/flags\/pt-pt.png\"\n            alt=\"portugalski, Portugalia\"\n            width=18\n            height=12\n    \/><\/a>\n\t\t\t<\/li><li class=\"wpml-ls-slot-shortcode_actions wpml-ls-item wpml-ls-item-es wpml-ls-last-item wpml-ls-item-legacy-list-horizontal\">\n\t\t\t\t<a href=\"https:\/\/motivateu.test-314.eu\/es\/\" class=\"wpml-ls-link\">\n                                                        <img\n            class=\"wpml-ls-flag\"\n            src=\"https:\/\/motivateu.test-314.eu\/wp-content\/plugins\/sitepress-multilingual-cms\/res\/flags\/es.png\"\n            alt=\"hiszpa\u0144ski\"\n            width=18\n            height=12\n    \/><\/a>\n\t\t\t<\/li><\/ul>\n<\/div>\n[\/vc_column_text][dfd_spacer screen_wide_spacer_size=&#8221;20&#8243; screen_normal_resolution=&#8221;1024&#8243; screen_tablet_resolution=&#8221;800&#8243; screen_mobile_resolution=&#8221;480&#8243;][dfd_single_image image_size=&#8221;medium&#8221; link_object=&#8221;link&#8221; image=&#8221;114&#8243; enable_link=&#8221;yes&#8221; image_ext_link_url=&#8221;\/pl&#8221; tutorials=&#8221;&#8221;][dfd_spacer screen_wide_spacer_size=&#8221;20&#8243; screen_normal_resolution=&#8221;1024&#8243; screen_tablet_resolution=&#8221;800&#8243; screen_mobile_resolution=&#8221;480&#8243;][vc_column_text]<\/p>\n<p style=\"text-align: center;\">Je\u015bli uko\u0144czy\u0142e\u015b\/a\u015b gr\u0119 i chcesz sprawdzi\u0107 jeszcze raz sw\u00f3j wynik, wpisz poni\u017cej sw\u00f3j kod dost\u0119pu (token):<\/p>\n<p>[\/vc_column_text][dfd_spacer screen_wide_spacer_size=&#8221;20&#8243; screen_normal_resolution=&#8221;1024&#8243; screen_tablet_resolution=&#8221;800&#8243; screen_mobile_resolution=&#8221;480&#8243;][vc_raw_html]PGRpdiBzdHlsZT0idGV4dC1hbGlnbjpjZW50ZXI7Ij4gDQo8Zm9ybSBhY3Rpb249Ii9nYW1lX3BsL3JlcG9ydDEucGhwIiBtZXRob2Q9ImdldCI+DQogIDxsYWJlbCBmb3I9InRva2VuIj5Ub2tlbjo8L2xhYmVsPg0KICA8aW5wdXQgdHlwZT0idGV4dCIgaWQ9InRva2VuIiBuYW1lPSJ0b2tlbiI+DQogIDxpbnB1dCB0eXBlPSJzdWJtaXQiIHZhbHVlPSJXecWbbGlqIj4NCjwvZm9ybT4NCjwvZGl2PiA=[\/vc_raw_html][dfd_spacer screen_wide_spacer_size=&#8221;20&#8243; screen_normal_resolution=&#8221;1024&#8243; screen_tablet_resolution=&#8221;800&#8243; screen_mobile_resolution=&#8221;480&#8243;][\/vc_column][vc_column width=&#8221;1\/3&#8243;][\/vc_column][\/vc_row]<\/p>\n","protected":false},"excerpt":{"rendered":"<p>[vc_row][vc_column width=&#8221;1\/3&#8243;][\/vc_column][vc_column width=&#8221;1\/3&#8243;][vc_column_text][\/vc_column_text][dfd_spacer screen_wide_spacer_size=&#8221;20&#8243; screen_normal_resolution=&#8221;1024&#8243; screen_tablet_resolution=&#8221;800&#8243; screen_mobile_resolution=&#8221;480&#8243;][dfd_single_image image_size=&#8221;medium&#8221; link_object=&#8221;link&#8221; image=&#8221;114&#8243; enable_link=&#8221;yes&#8221; image_ext_link_url=&#8221;\/pl&#8221; tutorials=&#8221;&#8221;][dfd_spacer screen_wide_spacer_size=&#8221;20&#8243; screen_normal_resolution=&#8221;1024&#8243; screen_tablet_resolution=&#8221;800&#8243; screen_mobile_resolution=&#8221;480&#8243;][vc_column_text] Je\u015bli uko\u0144czy\u0142e\u015b\/a\u015b gr\u0119 i chcesz sprawdzi\u0107 jeszcze raz sw\u00f3j wynik, wpisz poni\u017cej sw\u00f3j<\/p>\n","protected":false},"author":2,"featured_media":0,"parent":0,"menu_order":0,"comment_status":"closed","ping_status":"closed","template":"","meta":[],"_links":{"self":[{"href":"https:\/\/motivateu.test-314.eu\/pl\/wp-json\/wp\/v2\/pages\/849"}],"collection":[{"href":"https:\/\/motivateu.test-314.eu\/pl\/wp-json\/wp\/v2\/pages"}],"about":[{"href":"https:\/\/motivateu.test-314.eu\/pl\/wp-json\/wp\/v2\/types\/page"}],"author":[{"embeddable":true,"href":"https:\/\/motivateu.test-314.eu\/pl\/wp-json\/wp\/v2\/users\/2"}],"replies":[{"embeddable":true,"href":"https:\/\/motivateu.test-314.eu\/pl\/wp-json\/wp\/v2\/comments?post=849"}],"version-history":[{"count":3,"href":"https:\/\/motivateu.test-314.eu\/pl\/wp-json\/wp\/v2\/pages\/849\/revisions"}],"predecessor-version":[{"id":861,"href":"https:\/\/motivateu.test-314.eu\/pl\/wp-json\/wp\/v2\/pages\/849\/revisions\/861"}],"wp:attachment":[{"href":"https:\/\/motivateu.test-314.eu\/pl\/wp-json\/wp\/v2\/media?parent=849"}],"curies":[{"name":"wp","href":"https:\/\/api.w.org\/{rel}","templated":true}]}}