{"id":521,"date":"2020-07-24T13:53:44","date_gmt":"2020-07-24T13:53:44","guid":{"rendered":"https:\/\/motivateu.test-314.eu\/jogo-concluido\/"},"modified":"2020-07-24T13:55:47","modified_gmt":"2020-07-24T13:55:47","slug":"jogo-concluido","status":"publish","type":"page","link":"https:\/\/motivateu.test-314.eu\/pt-pt\/jogo-concluido\/","title":{"rendered":"Jogo conclu\u00eddo"},"content":{"rendered":"<p>[vc_row][vc_column][dfd_spacer screen_wide_spacer_size=&#8221;60&#8243; screen_normal_resolution=&#8221;1024&#8243; screen_tablet_resolution=&#8221;800&#8243; screen_mobile_resolution=&#8221;480&#8243; screen_normal_spacer_size=&#8221;50&#8243; screen_tablet_spacer_size=&#8221;50&#8243; screen_mobile_spacer_size=&#8221;40&#8243;][dfd_single_image image=&#8221;185&#8243; tutorials=&#8221;&#8221;][dfd_spacer screen_wide_spacer_size=&#8221;60&#8243; screen_normal_resolution=&#8221;1024&#8243; screen_tablet_resolution=&#8221;800&#8243; screen_mobile_resolution=&#8221;480&#8243; screen_normal_spacer_size=&#8221;50&#8243; screen_tablet_spacer_size=&#8221;50&#8243; screen_mobile_spacer_size=&#8221;40&#8243;][vc_column_text]<\/p>\n<h3 style=\"text-align: center;\">Obrigado por completares o Jogo!<\/h3>\n<h3 style=\"text-align: center;\">Bom trabalho!<\/h3>\n<p>&nbsp;<\/p>\n<p style=\"text-align: justify;\">Esta \u00e9 uma vers\u00e3o Beta (experimental) do jogo, preparada para testagem, antes do seu lan\u00e7amento geral e \u00e9 por este motivo que n\u00e3o consegues ver nenhum resultado. As tuas respostas ir\u00e3o permitir-nos criar a vers\u00e3o final do Jogo. Obrigado pela tua ajuda. Quando a vers\u00e3o final estiver pronta, poder\u00e1s ver os resultados e obter feedback.<\/p>\n<p>[\/vc_column_text][\/vc_column][\/vc_row][vc_row][vc_column][dfd_spacer screen_wide_spacer_size=&#8221;400&#8243; screen_normal_resolution=&#8221;1024&#8243; screen_tablet_resolution=&#8221;800&#8243; screen_mobile_resolution=&#8221;480&#8243; screen_normal_spacer_size=&#8221;350&#8243; screen_tablet_spacer_size=&#8221;350&#8243; screen_mobile_spacer_size=&#8221;200&#8243;][\/vc_column][\/vc_row]<\/p>\n","protected":false},"excerpt":{"rendered":"<p>[vc_row][vc_column][dfd_spacer screen_wide_spacer_size=&#8221;60&#8243; screen_normal_resolution=&#8221;1024&#8243; screen_tablet_resolution=&#8221;800&#8243; screen_mobile_resolution=&#8221;480&#8243; screen_normal_spacer_size=&#8221;50&#8243; screen_tablet_spacer_size=&#8221;50&#8243; screen_mobile_spacer_size=&#8221;40&#8243;][dfd_single_image image=&#8221;185&#8243; tutorials=&#8221;&#8221;][dfd_spacer screen_wide_spacer_size=&#8221;60&#8243; screen_normal_resolution=&#8221;1024&#8243; screen_tablet_resolution=&#8221;800&#8243; screen_mobile_resolution=&#8221;480&#8243; screen_normal_spacer_size=&#8221;50&#8243; screen_tablet_spacer_size=&#8221;50&#8243; screen_mobile_spacer_size=&#8221;40&#8243;][vc_column_text] Obrigado por completares o Jogo! Bom trabalho! &nbsp; Esta \u00e9 uma vers\u00e3o Beta<\/p>\n","protected":false},"author":2,"featured_media":0,"parent":0,"menu_order":0,"comment_status":"closed","ping_status":"closed","template":"","meta":[],"_links":{"self":[{"href":"https:\/\/motivateu.test-314.eu\/pt-pt\/wp-json\/wp\/v2\/pages\/521"}],"collection":[{"href":"https:\/\/motivateu.test-314.eu\/pt-pt\/wp-json\/wp\/v2\/pages"}],"about":[{"href":"https:\/\/motivateu.test-314.eu\/pt-pt\/wp-json\/wp\/v2\/types\/page"}],"author":[{"embeddable":true,"href":"https:\/\/motivateu.test-314.eu\/pt-pt\/wp-json\/wp\/v2\/users\/2"}],"replies":[{"embeddable":true,"href":"https:\/\/motivateu.test-314.eu\/pt-pt\/wp-json\/wp\/v2\/comments?post=521"}],"version-history":[{"count":3,"href":"https:\/\/motivateu.test-314.eu\/pt-pt\/wp-json\/wp\/v2\/pages\/521\/revisions"}],"predecessor-version":[{"id":526,"href":"https:\/\/motivateu.test-314.eu\/pt-pt\/wp-json\/wp\/v2\/pages\/521\/revisions\/526"}],"wp:attachment":[{"href":"https:\/\/motivateu.test-314.eu\/pt-pt\/wp-json\/wp\/v2\/media?parent=521"}],"curies":[{"name":"wp","href":"https:\/\/api.w.org\/{rel}","templated":true}]}}